{"id":2561,"date":"2023-03-28T02:37:53","date_gmt":"2023-03-28T02:37:53","guid":{"rendered":"https:\/\/vietchuanmold.com\/doi-ngu-2\/"},"modified":"2023-06-23T03:06:34","modified_gmt":"2023-06-23T03:06:34","slug":"doi-ngu-2","status":"publish","type":"page","link":"https:\/\/vietchuanmold.com\/ja\/doi-ngu-2\/","title":{"rendered":"\u0110\u1ed9i ng\u0169 2"},"content":{"rendered":"\t<div id=\"text-3723625002\" class=\"text\">\n\t\t\n<h2><strong>\u0110\u1ed9i ng\u0169 c\u1ee7a ch\u00fang t\u00f4i<\/strong><\/h2>\n\t\t\n<style>\n#text-3723625002 {\n  text-align: center;\n}\n<\/style>\n\t<\/div>\n\t\n\t<section class=\"section\" id=\"section_1634749770\">\n\t\t<div class=\"bg section-bg fill bg-fill  bg-loaded\" >\n\n\t\t\t\n\t\t\t\n\t\t\t\n\n\t\t<\/div>\n\n\t\t\n\n\t\t<div class=\"section-content relative\">\n\t\t\t\n<div class=\"row\"  id=\"row-1554663806\">\n\n\t<div id=\"col-2081439367\" class=\"col small-12 large-12\"  >\n\t\t\t\t<div class=\"col-inner\"  >\n\t\t\t\n\t\t\t\n<div class=\"slider-wrapper relative\" id=\"slider-563291785\" >\n    <div class=\"slider slider-nav-circle slider-nav-large slider-nav-dark slider-style-normal\"\n        data-flickity-options='{\n            \"cellAlign\": \"center\",\n            \"imagesLoaded\": true,\n            \"lazyLoad\": 1,\n            \"freeScroll\": false,\n            \"wrapAround\": true,\n            \"autoPlay\": 3000,\n            \"pauseAutoPlayOnHover\" : false,\n            \"prevNextButtons\": true,\n            \"contain\" : true,\n            \"adaptiveHeight\" : true,\n            \"dragThreshold\" : 10,\n            \"percentPosition\": true,\n            \"pageDots\": true,\n            \"rightToLeft\": false,\n            \"draggable\": true,\n            \"selectedAttraction\": 0.1,\n            \"parallax\" : 0,\n            \"friction\": 0.6        }'\n        >\n        \n<div class=\"row\"  id=\"row-1878631920\">\n\n\t<div id=\"col-2082761789\" class=\"col medium-6 small-12 large-6\"  >\n\t\t\t\t<div class=\"col-inner\"  >\n\t\t\t\n\t\t\t\n    <div class=\"box has-hover has-hover box-text-bottom\" >\n\n                  <div class=\"box-image \" style=\"width:25%;\">\n           <div class=\"box-image-inner image-cover\" style=\"border-radius:100%;padding-top:100%;\">\n              <img width=\"239\" height=\"239\" src=\"https:\/\/vietchuanmold.com\/wp-content\/uploads\/2023\/03\/Iwamoto.png\" class=\"attachment- size-\" alt=\"\" loading=\"lazy\" srcset=\"https:\/\/vietchuanmold.com\/wp-content\/uploads\/2023\/03\/Iwamoto.png 239w, https:\/\/vietchuanmold.com\/wp-content\/uploads\/2023\/03\/Iwamoto-150x150.png 150w, https:\/\/vietchuanmold.com\/wp-content\/uploads\/2023\/03\/Iwamoto-100x100.png 100w\" sizes=\"(max-width: 239px) 100vw, 239px\" \/>                         <\/div>\n          <\/div>\n         \n          <div class=\"box-text text-center is-xsmall\" >\n                <div class=\"box-text-inner\">\n                  <h4 class=\"uppercase\">\n                    <span class=\"person-name\">Mr. Iwamoto<\/span><br\/>\n                    <span class=\"person-title is-small thin-font op-7\">\n                      GM                    <\/span>\n                  <\/h4>\n                                  \n<h3>T\u00f4i c\u00f3 39 n\u0103m kinh nghi\u1ec7m l\u00e0m vi\u1ec7c trong ngh\u00e0nh s\u1ea3n xu\u1ea5t v\u00e0 ch\u1ebf t\u1ea1o nh\u1ef1a t\u1ea1i Nh\u1eadt B\u1ea3n. \u0110\u1ed9i ng\u0169 c\u1ee7a ch\u00fang t\u00f4i lu\u00f4n c\u1ed1 g\u1eafng h\u1ecdc c\u00e1ch l\u00e0m ti\u00eau chu\u1ea9n t\u1ed1t nh\u1ea5t , \u0111\u1ea1t hi\u1ec7u qu\u1ea3 cao nh\u1ea5t \u0111\u1ec3 ho\u00e0n th\u00e0nh c\u00f4ng vi\u1ec7c. K\u1ef3 v\u1ecdng c\u1ee7a ch\u00fang t\u00f4i l\u00e0 s\u1ebd \u0111\u1ed3ng h\u00e0nh c\u00f9ng nhau \u0111\u1ec3 Vi\u1ec7t Chu\u1ea9n tr\u1edf th\u00e0nh doanh nghi\u00eap h\u00e0ng \u0111\u1ea7u v\u1ec1 khu\u00f4n m\u1eabu.<\/h3>\n                <\/div>\n          <\/div>\n    <\/div>\n\n    \n    \n\t\t<\/div>\n\t\t\t\t\t<\/div>\n\n\t\n\n\t<div id=\"col-1845102627\" class=\"col medium-6 small-12 large-6\"  >\n\t\t\t\t<div class=\"col-inner\"  >\n\t\t\t\n\t\t\t\n    <div class=\"box has-hover has-hover box-text-bottom\" >\n\n                  <div class=\"box-image \" style=\"width:25%;\">\n           <div class=\"box-image-inner image-cover\" style=\"border-radius:100%;padding-top:100%;\">\n              <img width=\"239\" height=\"239\" src=\"https:\/\/vietchuanmold.com\/wp-content\/uploads\/2023\/03\/damtuananh.png\" class=\"attachment- size-\" alt=\"\" loading=\"lazy\" srcset=\"https:\/\/vietchuanmold.com\/wp-content\/uploads\/2023\/03\/damtuananh.png 239w, https:\/\/vietchuanmold.com\/wp-content\/uploads\/2023\/03\/damtuananh-150x150.png 150w, https:\/\/vietchuanmold.com\/wp-content\/uploads\/2023\/03\/damtuananh-100x100.png 100w\" sizes=\"(max-width: 239px) 100vw, 239px\" \/>                         <\/div>\n          <\/div>\n         \n          <div class=\"box-text text-center is-xsmall\" >\n                <div class=\"box-text-inner\">\n                  <h4 class=\"uppercase\">\n                    <span class=\"person-name\">\u0110\u00e0m Tu\u1ea5n Anh<\/span><br\/>\n                    <span class=\"person-title is-small thin-font op-7\">\n                      Gi\u00e1m \u0111\u1ed1c nh\u00e0 m\u00e1y khu\u00f4n                    <\/span>\n                  <\/h4>\n                                  \n<h3>V\u1edbi 20 n\u0103m kinh nghi\u1ec7m thi\u1ebft k\u1ebf khu\u00f4n, 5 n\u0103m \u0111\u00e0o t\u1ea1o chuy\u00ean ng\u00e0nh thi\u1ebft k\u1ebf m\u00e1y, 10 n\u0103m qu\u1ea3n l\u00fd s\u1ea3n xu\u1ea5t khu\u00f4n \u0111\u00fac nh\u1ef1a v\u00e0 \u0111\u00fac nh\u00f4m, 5 n\u0103m x\u00e2y d\u1ef1ng h\u1ec7 th\u1ed1ng v\u1eadn h\u00e0nh s\u1ea3n xu\u1ea5t. T\u00f4i lu\u00f4n nh\u1eafc nh\u1edf b\u1ea3n th\u00e2n v\u00e0 \u0111\u1ed9i ng\u0169 c\u1ee7a m\u00ecnh lu\u00f4n t\u1eadn t\u00e2m c\u1ea7u ti\u1ebfn trong vi\u1ec7c.<\/h3>\n                <\/div>\n          <\/div>\n    <\/div>\n\n    \n    \n\t\t<\/div>\n\t\t\t\t\t<\/div>\n\n\t\n<\/div>\n<div class=\"row\"  id=\"row-616957685\">\n\n\t<div id=\"col-1787650353\" class=\"col medium-6 small-12 large-6\"  >\n\t\t\t\t<div class=\"col-inner\"  >\n\t\t\t\n\t\t\t\n    <div class=\"box has-hover has-hover box-text-bottom\" >\n\n                  <div class=\"box-image \" style=\"width:25%;\">\n           <div class=\"box-image-inner image-cover\" style=\"border-radius:100%;padding-top:100%;\">\n              <img width=\"239\" height=\"239\" src=\"https:\/\/vietchuanmold.com\/wp-content\/uploads\/2023\/03\/tranminhduc.png\" class=\"attachment- size-\" alt=\"\" loading=\"lazy\" srcset=\"https:\/\/vietchuanmold.com\/wp-content\/uploads\/2023\/03\/tranminhduc.png 239w, https:\/\/vietchuanmold.com\/wp-content\/uploads\/2023\/03\/tranminhduc-150x150.png 150w, https:\/\/vietchuanmold.com\/wp-content\/uploads\/2023\/03\/tranminhduc-100x100.png 100w\" sizes=\"(max-width: 239px) 100vw, 239px\" \/>                         <\/div>\n          <\/div>\n         \n          <div class=\"box-text text-center is-xsmall\" >\n                <div class=\"box-text-inner\">\n                  <h4 class=\"uppercase\">\n                    <span class=\"person-name\">Tr\u1ea7n Minh \u0110\u1ee9c<\/span><br\/>\n                    <span class=\"person-title is-small thin-font op-7\">\n                      Gi\u00e1m \u0111\u1ed1c nh\u00e0 m\u00e1y nh\u1ef1a.                    <\/span>\n                  <\/h4>\n                                  \n<h3>T\u1ea1i Vi\u1ec7t Chu\u1ea9n, s\u1ee9 m\u1ec7nh ch\u00fang t\u00f4i l\u00e0 mang \u0111\u1ebfn cho kh\u00e1ch h\u00e0ng ch\u1ea5t l\u01b0\u1ee3ng t\u1ed1t nh\u1ea5t . Ch\u00fang t\u00f4i l\u00e0m vi\u1ec7c theo quy tr\u00ecnh , nguy\u00ean t\u1eafc v\u00e0 lu\u00f4n c\u1ea3i ti\u1ebfn h\u1ec7 th\u1ed1ng kh\u00f4ng ng\u1eebng \u0111\u1ec3 \u0111\u1ea1t hi\u1ec7u qu\u1ea3.<\/h3>\n                <\/div>\n          <\/div>\n    <\/div>\n\n    \n    \n\t\t<\/div>\n\t\t\t\t\t<\/div>\n\n\t\n\n\t<div id=\"col-1861949234\" class=\"col medium-6 small-12 large-6\"  >\n\t\t\t\t<div class=\"col-inner\"  >\n\t\t\t\n\t\t\t\n    <div class=\"box has-hover has-hover box-text-bottom\" >\n\n                  <div class=\"box-image \" style=\"width:25%;\">\n           <div class=\"box-image-inner image-cover\" style=\"border-radius:100%;padding-top:100%;\">\n              <img width=\"239\" height=\"239\" src=\"https:\/\/vietchuanmold.com\/wp-content\/uploads\/2023\/03\/NguyenTaiQuynh.png\" class=\"attachment- size-\" alt=\"\" loading=\"lazy\" srcset=\"https:\/\/vietchuanmold.com\/wp-content\/uploads\/2023\/03\/NguyenTaiQuynh.png 239w, https:\/\/vietchuanmold.com\/wp-content\/uploads\/2023\/03\/NguyenTaiQuynh-150x150.png 150w, https:\/\/vietchuanmold.com\/wp-content\/uploads\/2023\/03\/NguyenTaiQuynh-100x100.png 100w\" sizes=\"(max-width: 239px) 100vw, 239px\" \/>                         <\/div>\n          <\/div>\n         \n          <div class=\"box-text text-center is-xsmall\" >\n                <div class=\"box-text-inner\">\n                  <h4 class=\"uppercase\">\n                    <span class=\"person-name\">Nguy\u1ec5n T\u00e0i Qu\u1ef3nh<\/span><br\/>\n                    <span class=\"person-title is-small thin-font op-7\">\n                      Tr\u01b0\u1edfng ph\u00f2ng thi\u1ebft k\u1ebf                    <\/span>\n                  <\/h4>\n                                  \n<h3>\u0110\u1ed9i h\u00ecnh nh\u00e2n s\u1ef1 c\u1ee7a ph\u00f2ng thi\u1ebft k\u1ebf g\u1ed3m 20 ng\u01b0\u1eddi gi\u00e0u kinh nghi\u1ec7m lu\u00f4n lu\u00f4n n\u0103ng \u0111\u1ed9ng, s\u00e1ng t\u1ea1o trong c\u00f4ng vi\u1ec7c. Ch\u00fang t\u00f4i \u0111\u00e3 c\u00f3 kinh nghi\u1ec7m tr\u00ean 15 n\u0103m trong l\u0129nh v\u1ef1c thi\u1ebft k\u1ebf khu\u00f4n. Vi\u1ec7t Chu\u1ea9n ch\u00fang t\u00f4i kh\u00f4ng nh\u1eefng mang t\u1edbi ch\u1ea5t l\u01b0\u1ee3ng cho kh\u00e1ch h\u00e0ng m\u00e0 c\u00f2n \u0111\u00f3 l\u00e0 s\u1ef1 an t\u00e2m trong t\u1eebng s\u1ea3n ph\u1ea9m.<\/h3>\n                <\/div>\n          <\/div>\n    <\/div>\n\n    \n    \n\t\t<\/div>\n\t\t\t\t\t<\/div>\n\n\t\n<\/div>\n<div class=\"row\"  id=\"row-1493508482\">\n\n\t<div id=\"col-1043532302\" class=\"col medium-6 small-12 large-6\"  >\n\t\t\t\t<div class=\"col-inner\"  >\n\t\t\t\n\t\t\t\n    <div class=\"box has-hover has-hover box-text-bottom\" >\n\n                  <div class=\"box-image \" style=\"width:25%;\">\n           <div class=\"box-image-inner image-cover\" style=\"border-radius:100%;padding-top:100%;\">\n              <img width=\"239\" height=\"239\" src=\"https:\/\/vietchuanmold.com\/wp-content\/uploads\/2023\/03\/nguyendangviet.png\" class=\"attachment- size-\" alt=\"\" loading=\"lazy\" srcset=\"https:\/\/vietchuanmold.com\/wp-content\/uploads\/2023\/03\/nguyendangviet.png 239w, https:\/\/vietchuanmold.com\/wp-content\/uploads\/2023\/03\/nguyendangviet-150x150.png 150w, https:\/\/vietchuanmold.com\/wp-content\/uploads\/2023\/03\/nguyendangviet-100x100.png 100w\" sizes=\"(max-width: 239px) 100vw, 239px\" \/>                         <\/div>\n          <\/div>\n         \n          <div class=\"box-text text-center is-xsmall\" >\n                <div class=\"box-text-inner\">\n                  <h4 class=\"uppercase\">\n                    <span class=\"person-name\">Nguy\u1ec5n \u0110\u0103ng Vi\u1ec7t<\/span><br\/>\n                    <span class=\"person-title is-small thin-font op-7\">\n                      Tr\u01b0\u1edfng ph\u00f2ng kinh doanh                    <\/span>\n                  <\/h4>\n                                  \n<h3>V\u1edbi h\u01a1n 15 n\u0103m kinh nghi\u1ec7m l\u00e0m vi\u1ec7c trong l\u0129nh v\u1ef1c kinh doanh, t\u00f4i t\u1ef1 h\u00e0o khi tr\u1edf th\u00e0nh m\u1ed9t ph\u1ea7n c\u1ee7a \u0111\u1ed9i ng\u0169 qu\u1ea3n l\u00fd c\u1ee7a c\u00f4ng ty. Ch\u00fang t\u00f4i lu\u00f4n c\u1ed1 g\u1eafng kh\u00e1m ph\u00e1 th\u00eam c\u00e1c c\u01a1 h\u1ed9i m\u1edbi \u0111\u1ec3 ph\u00e1t tri\u1ec3n kinh doanh. T\u00f4i tin r\u1eb1ng ch\u1ec9 c\u00f3 s\u1ef1 \u0111\u1ed5i m\u1edbi li\u00ean t\u1ee5c mang l\u1ea1i s\u1ef1 th\u00e0nh c\u00f4ng v\u00e0 t\u0103ng tr\u01b0\u1edfng cho c\u00f4ng ty. T\u00f4i mong mu\u1ed1n \u0111\u01b0\u1ee3c \u0111\u00f3ng g\u00f3p \u00fd t\u01b0\u1edfng c\u1ee7a m\u00ecnh v\u00e0 c\u00f9ng v\u1edbi c\u00e1c th\u00e0nh vi\u00ean trong c\u00f4ng ty \u0111\u1ec3 c\u00f3 th\u1ec3 ph\u00e1t tri\u1ec3n Vi\u1ec7t Chu\u1ea9n th\u00e0nh m\u1ed9t trong nh\u1eefng doanh nghi\u1ec7p h\u00e0ng \u0111\u1ea7u trong l\u0129nh v\u1ef1c gia c\u00f4ng khu\u00f4n v\u00e0 \u00e9p nh\u1ef1a.<\/h3>\n                <\/div>\n          <\/div>\n    <\/div>\n\n    \n    \n\t\t<\/div>\n\t\t\t\t\t<\/div>\n\n\t\n\n\t<div id=\"col-160603528\" class=\"col medium-6 small-12 large-6\"  >\n\t\t\t\t<div class=\"col-inner\"  >\n\t\t\t\n\t\t\t\n\t\t<\/div>\n\t\t\t\t\t<\/div>\n\n\t\n<\/div>\n     <\/div>\n\n     <div class=\"loading-spin dark large centered\"><\/div>\n\n     \t<\/div>\n\n\n\t\t<\/div>\n\t\t\t\t\t<\/div>\n\n\t\n<\/div>\n\t\t<\/div>\n\n\t\t\n<style>\n#section_1634749770 {\n  padding-top: 30px;\n  padding-bottom: 30px;\n}\n#section_1634749770 .ux-shape-divider--top svg {\n  height: 150px;\n  --divider-top-width: 100%;\n}\n#section_1634749770 .ux-shape-divider--bottom svg {\n  height: 150px;\n  --divider-width: 100%;\n}\n<\/style>\n\t<\/section>\n\t\n","protected":false},"excerpt":{"rendered":"","protected":false},"author":1,"featured_media":2562,"parent":0,"menu_order":0,"comment_status":"closed","ping_status":"closed","template":"","meta":{"inline_featured_image":false},"_links":{"self":[{"href":"https:\/\/vietchuanmold.com\/ja\/wp-json\/wp\/v2\/pages\/2561"}],"collection":[{"href":"https:\/\/vietchuanmold.com\/ja\/wp-json\/wp\/v2\/pages"}],"about":[{"href":"https:\/\/vietchuanmold.com\/ja\/wp-json\/wp\/v2\/types\/page"}],"author":[{"embeddable":true,"href":"https:\/\/vietchuanmold.com\/ja\/wp-json\/wp\/v2\/users\/1"}],"replies":[{"embeddable":true,"href":"https:\/\/vietchuanmold.com\/ja\/wp-json\/wp\/v2\/comments?post=2561"}],"version-history":[{"count":1,"href":"https:\/\/vietchuanmold.com\/ja\/wp-json\/wp\/v2\/pages\/2561\/revisions"}],"predecessor-version":[{"id":2563,"href":"https:\/\/vietchuanmold.com\/ja\/wp-json\/wp\/v2\/pages\/2561\/revisions\/2563"}],"wp:featuredmedia":[{"embeddable":true,"href":"https:\/\/vietchuanmold.com\/ja\/wp-json\/wp\/v2\/media\/2562"}],"wp:attachment":[{"href":"https:\/\/vietchuanmold.com\/ja\/wp-json\/wp\/v2\/media?parent=2561"}],"curies":[{"name":"wp","href":"https:\/\/api.w.org\/{rel}","templated":true}]}}