{"id":2590,"date":"2023-03-28T10:34:52","date_gmt":"2023-03-28T10:34:52","guid":{"rendered":"https:\/\/vietchuanmold.com\/may-ep-nhua\/"},"modified":"2023-03-28T10:34:52","modified_gmt":"2023-03-28T10:34:52","slug":"may-ep-nhua","status":"publish","type":"page","link":"https:\/\/vietchuanmold.com\/ja\/may-ep-nhua\/","title":{"rendered":"M\u00e1y \u00e9p nh\u1ef1a"},"content":{"rendered":"<div>1. JSW J450 ADS<\/div>\n<div>\n<p><img loading=\"lazy\" class=\" wp-image-1637\" src=\"https:\/\/vietchuan.vn\/wp-content\/uploads\/2023\/03\/JSW-J450-ADS-300x102.jpeg\" sizes=\"(max-width: 321px) 100vw, 321px\" srcset=\"https:\/\/vietchuan.vn\/wp-content\/uploads\/2023\/03\/JSW-J450-ADS-300x102.jpeg 300w, https:\/\/vietchuan.vn\/wp-content\/uploads\/2023\/03\/JSW-J450-ADS-150x51.jpeg 150w, https:\/\/vietchuan.vn\/wp-content\/uploads\/2023\/03\/JSW-J450-ADS-600x205.jpeg 600w, https:\/\/vietchuan.vn\/wp-content\/uploads\/2023\/03\/JSW-J450-ADS.jpeg 630w\" alt=\"JSW J450 ADS\" width=\"321\" height=\"109\" \/><\/p>\n<\/div>\n<div><\/div>\n<div>2. NISSEI FN8000<\/div>\n<div>Model No. FN8000<\/div>\n<div>Machine size (Ton): 460<\/div>\n<div>Tie Bar:\u00a0 800\u00d7800<\/div>\n<div>Quantity: 1<\/div>\n<div>\n<p><img loading=\"lazy\" class=\"size-medium wp-image-1639\" src=\"https:\/\/vietchuan.vn\/wp-content\/uploads\/2023\/03\/NISSEI-FN8000-300x161.jpg\" sizes=\"(max-width: 300px) 100vw, 300px\" srcset=\"https:\/\/vietchuan.vn\/wp-content\/uploads\/2023\/03\/NISSEI-FN8000-300x161.jpg 300w, https:\/\/vietchuan.vn\/wp-content\/uploads\/2023\/03\/NISSEI-FN8000-150x80.jpg 150w, https:\/\/vietchuan.vn\/wp-content\/uploads\/2023\/03\/NISSEI-FN8000-768x411.jpg 768w, https:\/\/vietchuan.vn\/wp-content\/uploads\/2023\/03\/NISSEI-FN8000-600x321.jpg 600w, https:\/\/vietchuan.vn\/wp-content\/uploads\/2023\/03\/NISSEI-FN8000.jpg 934w\" alt=\"NISSEI FN8000\" width=\"300\" height=\"161\" \/><\/p>\n<\/div>\n<div><\/div>\n<div>3. JSW J350 ADS<\/div>\n<div>\n<p><img loading=\"lazy\" class=\"size-medium wp-image-1641\" src=\"https:\/\/vietchuan.vn\/wp-content\/uploads\/2023\/03\/JSW-J350-ADS-300x87.jpeg\" sizes=\"(max-width: 300px) 100vw, 300px\" srcset=\"https:\/\/vietchuan.vn\/wp-content\/uploads\/2023\/03\/JSW-J350-ADS-300x87.jpeg 300w, https:\/\/vietchuan.vn\/wp-content\/uploads\/2023\/03\/JSW-J350-ADS-150x44.jpeg 150w, https:\/\/vietchuan.vn\/wp-content\/uploads\/2023\/03\/JSW-J350-ADS-600x175.jpeg 600w, https:\/\/vietchuan.vn\/wp-content\/uploads\/2023\/03\/JSW-J350-ADS.jpeg 659w\" alt=\"JSW J350 ADS\" width=\"300\" height=\"87\" \/><\/p>\n<\/div>\n<div><\/div>\n<div>4. SUMITOMO \u2013 SH280C<\/div>\n<div>\n<p><img loading=\"lazy\" class=\"size-medium wp-image-1643\" src=\"https:\/\/vietchuan.vn\/wp-content\/uploads\/2023\/03\/SUMITOMO-SH280C-300x159.jpg\" sizes=\"(max-width: 300px) 100vw, 300px\" srcset=\"https:\/\/vietchuan.vn\/wp-content\/uploads\/2023\/03\/SUMITOMO-SH280C-300x159.jpg 300w, https:\/\/vietchuan.vn\/wp-content\/uploads\/2023\/03\/SUMITOMO-SH280C-150x79.jpg 150w, https:\/\/vietchuan.vn\/wp-content\/uploads\/2023\/03\/SUMITOMO-SH280C-768x407.jpg 768w, https:\/\/vietchuan.vn\/wp-content\/uploads\/2023\/03\/SUMITOMO-SH280C-600x318.jpg 600w, https:\/\/vietchuan.vn\/wp-content\/uploads\/2023\/03\/SUMITOMO-SH280C.jpg 980w\" alt=\"SUMITOMO - SH280C\" width=\"300\" height=\"159\" \/><\/p>\n<\/div>\n<div><\/div>\n<div>5. NISSEI FN4000<\/div>\n<div>Model No. JSW J180ADS FN4000<\/div>\n<div>Machine\u00a0 size (Ton): 24<\/div>\n<div>Tie Bar<\/div>\n<div>Quantity<\/div>\n<div>\n<p><img loading=\"lazy\" class=\"size-medium wp-image-1645\" src=\"https:\/\/vietchuan.vn\/wp-content\/uploads\/2023\/03\/NISSEI-FN4000-300x200.jpeg\" sizes=\"(max-width: 300px) 100vw, 300px\" srcset=\"https:\/\/vietchuan.vn\/wp-content\/uploads\/2023\/03\/NISSEI-FN4000-300x200.jpeg 300w, https:\/\/vietchuan.vn\/wp-content\/uploads\/2023\/03\/NISSEI-FN4000-150x100.jpeg 150w, https:\/\/vietchuan.vn\/wp-content\/uploads\/2023\/03\/NISSEI-FN4000-768x512.jpeg 768w, https:\/\/vietchuan.vn\/wp-content\/uploads\/2023\/03\/NISSEI-FN4000-600x400.jpeg 600w, https:\/\/vietchuan.vn\/wp-content\/uploads\/2023\/03\/NISSEI-FN4000.jpeg 800w\" alt=\"NISSEI FN4000\" width=\"300\" height=\"200\" \/><\/p>\n<\/div>\n<div><\/div>\n<div>6. JSW Model No. J180ADS<\/div>\n<div>Machine size (Ton):\u00a0 180<\/div>\n<div>Tie Bar: 590\u00d7560<\/div>\n<div>Quantity:\u00a0 2<\/div>\n<div><img loading=\"lazy\" class=\"alignnone  wp-image-1647\" src=\"https:\/\/vietchuan.vn\/wp-content\/uploads\/2023\/03\/JSW-Model-No.-J180ADS-300x120.jpg\" sizes=\"(max-width: 336px) 100vw, 336px\" srcset=\"https:\/\/vietchuan.vn\/wp-content\/uploads\/2023\/03\/JSW-Model-No.-J180ADS-300x120.jpg 300w, https:\/\/vietchuan.vn\/wp-content\/uploads\/2023\/03\/JSW-Model-No.-J180ADS-150x60.jpg 150w, https:\/\/vietchuan.vn\/wp-content\/uploads\/2023\/03\/JSW-Model-No.-J180ADS-768x308.jpg 768w, https:\/\/vietchuan.vn\/wp-content\/uploads\/2023\/03\/JSW-Model-No.-J180ADS-600x241.jpg 600w, https:\/\/vietchuan.vn\/wp-content\/uploads\/2023\/03\/JSW-Model-No.-J180ADS.jpg 1000w\" alt=\"\" width=\"336\" height=\"134\" \/><\/div>\n<div><\/div>\n<div>7. JSW J130ADS<\/div>\n<div>Model No. J130ADS<\/div>\n<div>Machine size (Ton): 130<\/div>\n<div>Tie Bar:\u00a0 530\u00d7510<\/div>\n<div>Quantity: 2<\/div>\n<div><img loading=\"lazy\" class=\"alignnone  wp-image-1647\" src=\"https:\/\/vietchuan.vn\/wp-content\/uploads\/2023\/03\/JSW-Model-No.-J180ADS-300x120.jpg\" sizes=\"(max-width: 310px) 100vw, 310px\" srcset=\"https:\/\/vietchuan.vn\/wp-content\/uploads\/2023\/03\/JSW-Model-No.-J180ADS-300x120.jpg 300w, https:\/\/vietchuan.vn\/wp-content\/uploads\/2023\/03\/JSW-Model-No.-J180ADS-150x60.jpg 150w, https:\/\/vietchuan.vn\/wp-content\/uploads\/2023\/03\/JSW-Model-No.-J180ADS-768x308.jpg 768w, https:\/\/vietchuan.vn\/wp-content\/uploads\/2023\/03\/JSW-Model-No.-J180ADS-600x241.jpg 600w, https:\/\/vietchuan.vn\/wp-content\/uploads\/2023\/03\/JSW-Model-No.-J180ADS.jpg 1000w\" alt=\"\" width=\"310\" height=\"124\" \/><\/div>\n<div><\/div>\n<div><\/div>\n<div>8. SODICK 60A<\/div>\n<div>Model No.Machine GL60A<\/div>\n<div>size (Ton): 60<\/div>\n<div>Tie Bar: 320\u00d7360<\/div>\n<div>Quantity: 2<\/div>\n<div>\n<p><img loading=\"lazy\" class=\"size-medium wp-image-1651\" src=\"https:\/\/vietchuan.vn\/wp-content\/uploads\/2023\/03\/SODICK-60A-300x157.jpg\" sizes=\"(max-width: 300px) 100vw, 300px\" srcset=\"https:\/\/vietchuan.vn\/wp-content\/uploads\/2023\/03\/SODICK-60A-300x157.jpg 300w, https:\/\/vietchuan.vn\/wp-content\/uploads\/2023\/03\/SODICK-60A-150x78.jpg 150w, https:\/\/vietchuan.vn\/wp-content\/uploads\/2023\/03\/SODICK-60A-768x401.jpg 768w, https:\/\/vietchuan.vn\/wp-content\/uploads\/2023\/03\/SODICK-60A-600x313.jpg 600w, https:\/\/vietchuan.vn\/wp-content\/uploads\/2023\/03\/SODICK-60A.jpg 900w\" alt=\"SODICK 60A\" width=\"300\" height=\"157\" \/><\/p>\n<\/div>\n<div><\/div>\n<div>9. NISSEI ES1000<\/div>\n<div>\n<p><img loading=\"lazy\" class=\"size-medium wp-image-1653\" src=\"https:\/\/vietchuan.vn\/wp-content\/uploads\/2023\/03\/NISSEI-ES1000-300x204.jpeg\" sizes=\"(max-width: 300px) 100vw, 300px\" srcset=\"https:\/\/vietchuan.vn\/wp-content\/uploads\/2023\/03\/NISSEI-ES1000-300x204.jpeg 300w, https:\/\/vietchuan.vn\/wp-content\/uploads\/2023\/03\/NISSEI-ES1000-150x102.jpeg 150w, https:\/\/vietchuan.vn\/wp-content\/uploads\/2023\/03\/NISSEI-ES1000.jpeg 480w\" alt=\"NISSEI ES1000\" width=\"300\" height=\"204\" \/><\/p>\n<\/div>\n<div><\/div>\n<div>10. JSW J55EL<\/div>\n<div>\n<p><img loading=\"lazy\" class=\"size-medium wp-image-1655\" src=\"https:\/\/vietchuan.vn\/wp-content\/uploads\/2023\/03\/JSW-J55EL-300x158.jpeg\" sizes=\"(max-width: 300px) 100vw, 300px\" srcset=\"https:\/\/vietchuan.vn\/wp-content\/uploads\/2023\/03\/JSW-J55EL-300x158.jpeg 300w, https:\/\/vietchuan.vn\/wp-content\/uploads\/2023\/03\/JSW-J55EL-150x79.jpeg 150w, https:\/\/vietchuan.vn\/wp-content\/uploads\/2023\/03\/JSW-J55EL-600x317.jpeg 600w, https:\/\/vietchuan.vn\/wp-content\/uploads\/2023\/03\/JSW-J55EL.jpeg 682w\" alt=\"\" width=\"300\" height=\"158\" \/><\/p>\n<\/div>\n<p>V\u00e0 m\u1ed9t s\u1ed1 m\u00e1y m\u00f3c kh\u00e1c \u0111ang c\u1eadp nh\u1eadt\u2026<\/p>\n","protected":false},"excerpt":{"rendered":"<p>1. JSW J450 ADS 2. NISSEI FN8000 Model No. FN8000 Machine size (Ton): 460 Tie Bar:\u00a0 800\u00d7800 Quantity: 1 3. JSW J350 ADS 4. SUMITOMO \u2013 SH280C 5. NISSEI FN4000 Model No. JSW J180ADS FN4000 Machine\u00a0 size (Ton): 24 Tie Bar Quantity 6. JSW Model No. J180ADS Machine size (Ton):\u00a0 180 Tie Bar: 590\u00d7560 Quantity:\u00a0&#8230;<\/p>\n","protected":false},"author":1,"featured_media":0,"parent":0,"menu_order":0,"comment_status":"closed","ping_status":"closed","template":"","meta":{"inline_featured_image":false},"_links":{"self":[{"href":"https:\/\/vietchuanmold.com\/ja\/wp-json\/wp\/v2\/pages\/2590"}],"collection":[{"href":"https:\/\/vietchuanmold.com\/ja\/wp-json\/wp\/v2\/pages"}],"about":[{"href":"https:\/\/vietchuanmold.com\/ja\/wp-json\/wp\/v2\/types\/page"}],"author":[{"embeddable":true,"href":"https:\/\/vietchuanmold.com\/ja\/wp-json\/wp\/v2\/users\/1"}],"replies":[{"embeddable":true,"href":"https:\/\/vietchuanmold.com\/ja\/wp-json\/wp\/v2\/comments?post=2590"}],"version-history":[{"count":0,"href":"https:\/\/vietchuanmold.com\/ja\/wp-json\/wp\/v2\/pages\/2590\/revisions"}],"wp:attachment":[{"href":"https:\/\/vietchuanmold.com\/ja\/wp-json\/wp\/v2\/media?parent=2590"}],"curies":[{"name":"wp","href":"https:\/\/api.w.org\/{rel}","templated":true}]}}