{"id":2598,"date":"2022-03-09T14:44:23","date_gmt":"2022-03-09T14:44:23","guid":{"rendered":"https:\/\/vietchuanmold.com\/reviews\/"},"modified":"2023-06-23T03:08:34","modified_gmt":"2023-06-23T03:08:34","slug":"reviews","status":"publish","type":"page","link":"https:\/\/vietchuanmold.com\/ja\/reviews\/","title":{"rendered":"Reviews"},"content":{"rendered":"\t<section class=\"section\" id=\"section_73978612\">\n\t\t<div class=\"bg section-bg fill bg-fill  bg-loaded\" >\n\n\t\t\t\n\t\t\t\n\t\t\t\n\n\t\t<\/div>\n\n\t\t\n\n\t\t<div class=\"section-content relative\">\n\t\t\t\n\n  <div class=\"banner has-hover show-for-small\" id=\"banner-1432745283\">\n          <div class=\"banner-inner fill\">\n        <div class=\"banner-bg fill\" >\n            <div class=\"bg fill bg-fill \"><\/div>\n                                    \n                    <\/div>\n\t\t\n        <div class=\"banner-layers container\">\n            <div class=\"fill banner-link\"><\/div>            \n   <div id=\"text-box-126205804\" class=\"text-box banner-layer x50 md-x50 lg-x50 y50 md-y50 lg-y50 res-text\">\n                                <div class=\"text-box-content text dark\">\n              \n              <div class=\"text-inner text-center\">\n                  \n<h1><span style=\"font-size: 85%;\">PORTLAND UGH FASHION AXE<\/span><\/h1>\n\n<p><a href=\"http:\/\/thuonghieu.giaodienwebmau.com\/lien-he\/\" target=\"_self\" class=\"button white is-outline\" rel=\"noopener\"><span>LI\u00caN H\u1ec6<\/span><i class=\"icon-angle-right\"><\/i><\/a><br \/>\n\n              <\/div>\n           <\/div>\n                            \n<style>\n#text-box-126205804 {\n  width: 99%;\n}\n#text-box-126205804 .text-box-content {\n  font-size: 100%;\n}\n<\/style>\n    <\/div>\n \n        <\/div>\n      <\/div>\n\n            \n<style>\n#banner-1432745283 {\n  padding-top: 56.25%;\n}\n#banner-1432745283 .bg.bg-loaded {\n  background-image: url(https:\/\/vietchuanmold.com\/wp-content\/uploads\/2022\/03\/nenmoi-1400x463-2-1024x339.png);\n}\n#banner-1432745283 .ux-shape-divider--top svg {\n  height: 150px;\n  --divider-top-width: 100%;\n}\n#banner-1432745283 .ux-shape-divider--bottom svg {\n  height: 150px;\n  --divider-width: 100%;\n}\n<\/style>\n  <\/div>\n\n\n\n  <div class=\"banner has-hover hide-for-medium\" id=\"banner-176020442\">\n          <div class=\"banner-inner fill\">\n        <div class=\"banner-bg fill\" >\n            <div class=\"bg fill bg-fill \"><\/div>\n                                    \n                    <\/div>\n\t\t\n        <div class=\"banner-layers container\">\n            <div class=\"fill banner-link\"><\/div>            \n   <div id=\"text-box-1136266691\" class=\"text-box banner-layer x50 md-x50 lg-x50 y50 md-y50 lg-y50 res-text\">\n                                <div class=\"text-box-content text dark\">\n              \n              <div class=\"text-inner text-center\">\n                  \n<h1><span style=\"font-size: 85%;\">PORTLAND UGH FASHION AXE<\/span><\/h1>\n\n<p><a href=\"http:\/\/thuonghieu.giaodienwebmau.com\/lien-he\/\" target=\"_self\" class=\"button white is-outline\" rel=\"noopener\"><span>LI\u00caN H\u1ec6<\/span><i class=\"icon-angle-right\"><\/i><\/a><br \/>\n\n              <\/div>\n           <\/div>\n                            \n<style>\n#text-box-1136266691 {\n  width: 99%;\n}\n#text-box-1136266691 .text-box-content {\n  font-size: 100%;\n}\n<\/style>\n    <\/div>\n \n        <\/div>\n      <\/div>\n\n            \n<style>\n#banner-176020442 {\n  padding-top: 500px;\n}\n#banner-176020442 .bg.bg-loaded {\n  background-image: url(https:\/\/vietchuanmold.com\/wp-content\/uploads\/2022\/03\/nenmoi-1400x463-2-1024x339.png);\n}\n#banner-176020442 .ux-shape-divider--top svg {\n  height: 150px;\n  --divider-top-width: 100%;\n}\n#banner-176020442 .ux-shape-divider--bottom svg {\n  height: 150px;\n  --divider-width: 100%;\n}\n<\/style>\n  <\/div>\n\n\n\t\t<\/div>\n\n\t\t\n<style>\n#section_73978612 {\n  padding-top: 0px;\n  padding-bottom: 0px;\n}\n#section_73978612 .ux-shape-divider--top svg {\n  height: 150px;\n  --divider-top-width: 100%;\n}\n#section_73978612 .ux-shape-divider--bottom svg {\n  height: 150px;\n  --divider-width: 100%;\n}\n<\/style>\n\t<\/section>\n\t\n\t<section class=\"section\" id=\"section_1843289459\">\n\t\t<div class=\"bg section-bg fill bg-fill  bg-loaded\" >\n\n\t\t\t\n\t\t\t<div class=\"section-bg-overlay absolute fill\"><\/div>\n\t\t\t\n\n\t\t<\/div>\n\n\t\t\n\n\t\t<div class=\"section-content relative\">\n\t\t\t\n<div class=\"row\"  id=\"row-565786098\">\n\n\t<div id=\"col-662657333\" class=\"col medium-4 small-12 large-4\"  >\n\t\t\t\t<div class=\"col-inner\"  >\n\t\t\t\n\t\t\t\n<div class=\"text-chu-doc\">\n<div class=\"chu-trai\">\n<p>REVIEW<\/p>\n<\/div>\n<div class=\"chu-phai\">\n<h2>Kh\u00e1ch h\u00e0ng t\u1ea1i<br \/>\nTOT COMPANY<\/h2>\n<\/div>\n<\/div>\n\t\t<\/div>\n\t\t\t\t\t<\/div>\n\n\t\n\n\t<div id=\"col-1446404321\" class=\"col medium-8 small-12 large-8\"  >\n\t\t\t\t<div class=\"col-inner\"  >\n\t\t\t\n\t\t\t\n<p><span class=\"fontstyle2\">Tr\u1ea3i qua g\u1ea7n 10 n\u0103m l\u00e0m trong l\u0129nh v\u1ef1c thi\u1ebft k\u1ebf th\u01b0\u01a1ng hi\u1ec7u v\u1edbi h\u01a1n 100 t\u1ed5 ch\u1ee9c v\u00e0 \u0111\u1ed1i t\u00e1c, ch\u00fang t\u00f4i<br \/>ch\u1eafc ch\u1eafn b\u1ea1n s\u1ebd nh\u1eadn ra m\u1ed9t v\u00e0i th\u01b0\u01a1ng hi\u1ec7u n\u1ed5i ti\u1ebfng m\u00e0 ch\u00fang t\u00f4i may m\u1eafn \u0111\u01b0\u1ee3c g\u1ecdi cho kh\u00e1ch<br \/>h\u00e0ng (hay b\u1ea1n b\u00e8).<\/span><\/p>\n<p><span class=\"fontstyle2\">G\u1ea7n m\u1ed9t th\u1eadp k\u1ef7 qua, ch\u00fang t\u00f4i \u0111\u00e3 ph\u00e1t tri\u1ec3n, x\u00e2y d\u1ef1ng c\u00e1c trang web \u0111\u00e1p \u1ee9ng ch\u1ee9c n\u0103ng, thi\u1ebft k\u1ebf ra nh\u1eefng b\u1ed9 nh\u1eadn di\u1ec7n th\u01b0\u01a1ng hi\u1ec7u tuy\u1ec7t \u0111\u1eb9p, cung c\u1ea5p d\u1ecbch v\u1ee5 in \u1ea5n ch\u1ea5t l\u01b0\u1ee3ng cao v\u00e0 nhi\u1ec1u h\u01a1n n\u1eefa cho kh\u00e1ch h\u00e0ng c\u1ee7a m\u00ecnh.<\/span><\/p>\n<p><span class=\"fontstyle2\">TOT COMPANY t\u1ef1 tin c\u0169ng s\u1ebd mang l\u1ea1i s\u1ef1 \u0111\u1ed5i m\u1edbi s\u00e1ng t\u1ea1o nh\u01b0 th\u1ebf cho b\u1ea1n, d\u00f9 b\u1ea1n l\u00e0 m\u1ed9t doanh nghi\u1ec7p cao c\u1ea5p \u0111ang t\u00ecm c\u00e1ch \u0111\u1ed5i m\u1edbi th\u01b0\u01a1ng hi\u1ec7u \u0111\u1ec3 t\u0103ng s\u1ee9c c\u1ea1nh tranh, hay m\u1ed9t c\u00f4ng ty kh\u1edfi nghi\u1ec7p \u0111ang t\u00ecm ki\u1ebfm m\u1ed9t \u0111\u01a1n v\u1ecb cung c\u1ea5p d\u1ecbch v\u1ee5 m\u00e0 ch\u01b0a bi\u1ebft b\u1eaft \u0111\u1ea7u t\u1eeb \u0111\u00e2u.<\/span><\/p>\n<p><span class=\"fontstyle2\">TOT COMPANY lu\u00f4n hi\u1ec3u r\u1eb1ng \u0111i\u1ec1u b\u1ea1n quan t\u00e2m nh\u1ea5t l\u00e0 ch\u1ea5t l\u01b0\u1ee3ng c\u00f4ng vi\u1ec7c \u0111\u1ea1t hi\u1ec7u qu\u1ea3 cao, th\u00e1i \u0111\u1ed9 l\u00e0m vi\u1ec7c nghi\u00eam t\u00fac, b\u00e0n giao s\u1ea3n ph\u1ea9m \u0111\u00fang ti\u1ebfn \u0111\u1ed9. V\u00e0 Athena Creative \u0111\u00e1p \u1ee9ng \u0111\u1ea7y \u0111\u1ee7 nh\u1eefng ti\u00eau ch\u00ed \u0111\u00f3 th\u1ec3 hi\u1ec7n qua nh\u1eefng \u0111\u00e1nh gi\u00e1 kh\u00e1ch quan t\u1eeb nh\u1eefng t\u1ed5 ch\u1ee9c v\u00e0 \u0111\u1ed1i t\u00e1c d\u01b0\u1edbi \u0111\u00e2y:<\/span><\/p>\n\t\t<\/div>\n\t\t\t\t\t<\/div>\n\n\t\n<\/div>\n\t\t<\/div>\n\n\t\t\n<style>\n#section_1843289459 {\n  padding-top: 30px;\n  padding-bottom: 30px;\n}\n#section_1843289459 .section-bg-overlay {\n  background-color: rgb(245, 245, 244);\n}\n#section_1843289459 .ux-shape-divider--top svg {\n  height: 150px;\n  --divider-top-width: 100%;\n}\n#section_1843289459 .ux-shape-divider--bottom svg {\n  height: 150px;\n  --divider-width: 100%;\n}\n<\/style>\n\t<\/section>\n\t\n\t<section class=\"section\" id=\"section_516029520\">\n\t\t<div class=\"bg section-bg fill bg-fill  bg-loaded\" >\n\n\t\t\t\n\t\t\t<div class=\"section-bg-overlay absolute fill\"><\/div>\n\t\t\t\n\n\t\t<\/div>\n\n\t\t\n\n\t\t<div class=\"section-content relative\">\n\t\t\t\n<div class=\"row\"  id=\"row-1645477907\">\n\n\t<div id=\"col-367023673\" class=\"col small-12 large-12\"  >\n\t\t\t\t<div class=\"col-inner\"  >\n\t\t\t\n\t\t\t\n\n\t\t<\/div>\n\t\t\t\t\t<\/div>\n\n\t\n<\/div>\n<p style=\"text-align: center;\"><span class=\"fontstyle2\">\u2026V\u00c0 +100 KH\u00c1CH H\u00c0NG \u0110\u00c3 S\u1eec D\u1ee4NG D\u1ecaCH V\u1ee4 C\u1ee6A CH\u00daNG T\u00d4I TRONG SU\u1ed0T G\u1ea6N 10 N\u0102M QUA<\/span> <\/p>\n\t\t<\/div>\n\n\t\t\n<style>\n#section_516029520 {\n  padding-top: 30px;\n  padding-bottom: 30px;\n}\n#section_516029520 .section-bg-overlay {\n  background-color: rgb(245, 245, 244);\n}\n#section_516029520 .ux-shape-divider--top svg {\n  height: 150px;\n  --divider-top-width: 100%;\n}\n#section_516029520 .ux-shape-divider--bottom svg {\n  height: 150px;\n  --divider-width: 100%;\n}\n<\/style>\n\t<\/section>\n\t\n\t<section class=\"section section-cham-ngon\" id=\"section_739013806\">\n\t\t<div class=\"bg section-bg fill bg-fill  \" >\n\n\t\t\t\n\t\t\t\n\t\t\t\n\n\t\t<\/div>\n\n\t\t\n\n\t\t<div class=\"section-content relative\">\n\t\t\t\n<div class=\"row\"  id=\"row-64240879\">\n\n\t<div id=\"col-1593845200\" class=\"col small-12 large-12\"  >\n\t\t\t\t<div class=\"col-inner\"  >\n\t\t\t\n\t\t\t\n<div class=\"slider-wrapper relative\" id=\"slider-592116988\" >\n    <div class=\"slider slider-nav-circle slider-nav-large slider-nav-light slider-style-normal\"\n        data-flickity-options='{\n            \"cellAlign\": \"center\",\n            \"imagesLoaded\": true,\n            \"lazyLoad\": 1,\n            \"freeScroll\": false,\n            \"wrapAround\": true,\n            \"autoPlay\": 6000,\n            \"pauseAutoPlayOnHover\" : true,\n            \"prevNextButtons\": true,\n            \"contain\" : true,\n            \"adaptiveHeight\" : true,\n            \"dragThreshold\" : 10,\n            \"percentPosition\": true,\n            \"pageDots\": true,\n            \"rightToLeft\": false,\n            \"draggable\": true,\n            \"selectedAttraction\": 0.1,\n            \"parallax\" : 0,\n            \"friction\": 0.6        }'\n        >\n        \n<div class=\"row\"  id=\"row-370879412\">\n\n\t<div id=\"col-763802933\" class=\"col small-12 large-12\"  >\n\t\t\t\t<div class=\"col-inner\"  >\n\t\t\t\n\t\t\t\n  <div class=\"icon-box testimonial-box icon-box-center text-center\">\n                <div class=\"icon-box-text p-last-0\">\n            \t\t\t\t<div class=\"testimonial-text line-height-small italic test_text first-reset last-reset is-italic\">\n            \n<p style=\"text-align: center;\"><i class=\"fa fa-quote-left\"><\/i><span class=\"fontstyle0\" style=\"font-size: 120%;\"><strong>N\u1ebfu b\u1ea1n mu\u1ed1n th\u01b0\u01a1ng hi\u1ec7u c\u1ee7a \u0111\u01b0\u1ee3c l\u1ee3i t\u1eeb nh\u1eefng l\u1eddi truy\u1ec1n mi\u1ec7ng th\u00ec t\u1ed1t h\u01a1n l\u00e0 b\u1ea1n ph\u1ea3i g\u1eedi cho kh\u00e1ch h\u00e0ng 1 \u0111i\u1ec1u g\u00ec \u0111\u00f3 \u0111\u00e1ng \u0111\u1ec3 truy\u1ec1n mi\u1ec7ng <i class=\"fa fa-quote-right\"><\/i> <\/strong><br \/>\n<\/span><\/p>\n<p style=\"text-align: center;\"><span style=\"font-size: 120%;\">\u2013 Ken Peters \u2013<\/span><\/p>\n          <\/div>\n          <div class=\"testimonial-meta pt-half\">\n             <strong class=\"testimonial-name test_name\"><\/strong>\n                          <span class=\"testimonial-company test_company\"><\/span>\n          <\/div>\n        <\/div>\n  <\/div>\n\n  \n\t\t<\/div>\n\t\t\t\t\t<\/div>\n\n\t\n<\/div>\n<div class=\"row\"  id=\"row-1323788728\">\n\n\t<div id=\"col-1199555080\" class=\"col small-12 large-12\"  >\n\t\t\t\t<div class=\"col-inner\"  >\n\t\t\t\n\t\t\t\n  <div class=\"icon-box testimonial-box icon-box-center text-center\">\n                <div class=\"icon-box-text p-last-0\">\n            \t\t\t\t<div class=\"testimonial-text line-height-small italic test_text first-reset last-reset is-italic\">\n            \n<p style=\"text-align: center;\"><i class=\"fa fa-quote-left\"><\/i><span class=\"fontstyle0\" style=\"font-size: 120%;\"><strong>Th\u01b0\u01a1ng hi\u1ec7u l\u00e0 t\u1eadp h\u1ee3p nh\u1eefng \u0111\u1eb7c \u0111i\u1ec3m xu\u1ea5t hi\u1ec7n trong t\u00e2m tr\u00ed kh\u00e1ch h\u00e0ng, khi ng\u01b0\u1eddi ta nghe t\u1edbi t\u00ean th\u01b0\u01a1ng hi\u1ec7u b\u1ea1n h\u1ecd s\u1ebd h\u00ecnh dung ngay ra logo th\u01b0\u01a1ng hi\u1ec7u c\u1ee7a b\u1ea1n <i class=\"fa fa-quote-right\"><\/i> <\/strong><br \/>\n<\/span><\/p>\n<p style=\"text-align: center;\"><span style=\"font-size: 120%;\">\u2013 Bill Chiaravalle \u2013<\/span><\/p>\n          <\/div>\n          <div class=\"testimonial-meta pt-half\">\n             <strong class=\"testimonial-name test_name\"><\/strong>\n                          <span class=\"testimonial-company test_company\"><\/span>\n          <\/div>\n        <\/div>\n  <\/div>\n\n  \n\t\t<\/div>\n\t\t\t\t\t<\/div>\n\n\t\n<\/div>\n     <\/div>\n\n     <div class=\"loading-spin dark large centered\"><\/div>\n\n     \t<\/div>\n\n\n\t\t<\/div>\n\t\t\t\t\t<\/div>\n\n\t\n<\/div>\n\t\t<\/div>\n\n\t\t\n<style>\n#section_739013806 {\n  padding-top: 30px;\n  padding-bottom: 30px;\n}\n#section_739013806 .section-bg.bg-loaded {\n  background-image: url(https:\/\/vietchuanmold.com\/wp-content\/uploads\/2022\/03\/nen.jpg);\n}\n#section_739013806 .ux-shape-divider--top svg {\n  height: 150px;\n  --divider-top-width: 100%;\n}\n#section_739013806 .ux-shape-divider--bottom svg {\n  height: 150px;\n  --divider-width: 100%;\n}\n<\/style>\n\t<\/section>\n\t\n\t<section class=\"section section-yeu-cau dark\" id=\"section_640196401\">\n\t\t<div class=\"bg section-bg fill bg-fill  bg-loaded\" >\n\n\t\t\t\n\t\t\t<div class=\"section-bg-overlay absolute fill\"><\/div>\n\t\t\t\n\n\t\t<\/div>\n\n\t\t\n\n\t\t<div class=\"section-content relative\">\n\t\t\t\n<div class=\"row\"  id=\"row-1516702975\">\n\n\t<div id=\"col-213478568\" class=\"col medium-8 small-12 large-8\"  >\n\t\t\t\t<div class=\"col-inner\"  >\n\t\t\t\n\t\t\t\n<p style=\"text-align: left;\"><span style=\"font-size: 140%;\">Ch\u00fang t\u00f4i lu\u00f4n mu\u1ed1n \u0111\u01b0\u1ee3c l\u1eafng nghe m\u1ecdi y\u00eau c\u1ea7u c\u1ee7a b\u1ea1n<\/span><\/p>\n\t\t<\/div>\n\t\t\t\t\t<\/div>\n\n\t\n\n\t<div id=\"col-456984461\" class=\"col medium-4 small-12 large-4\"  >\n\t\t\t\t<div class=\"col-inner\"  >\n\t\t\t\n\t\t\t\n\n<p><a href=\"\/lien-he\/\" target=\"_self\" class=\"button white\" rel=\"noopener\"><span>G\u1eecI Y\u00caU C\u1ea6U<\/span><br \/>\n  <\/a><br \/>\n\n\t\t<\/div>\n\t\t\t\t\t<\/div>\n\n\t\n<\/div>\n\t\t<\/div>\n\n\t\t\n<style>\n#section_640196401 {\n  padding-top: 30px;\n  padding-bottom: 30px;\n}\n#section_640196401 .section-bg-overlay {\n  background-color: rgb(208, 2, 27);\n}\n#section_640196401 .ux-shape-divider--top svg {\n  height: 150px;\n  --divider-top-width: 100%;\n}\n#section_640196401 .ux-shape-divider--bottom svg {\n  height: 150px;\n  --divider-width: 100%;\n}\n<\/style>\n\t<\/section>\n\t\n","protected":false},"excerpt":{"rendered":"","protected":false},"author":1,"featured_media":0,"parent":0,"menu_order":0,"comment_status":"closed","ping_status":"closed","template":"page-blank.php","meta":{"inline_featured_image":false},"_links":{"self":[{"href":"https:\/\/vietchuanmold.com\/ja\/wp-json\/wp\/v2\/pages\/2598"}],"collection":[{"href":"https:\/\/vietchuanmold.com\/ja\/wp-json\/wp\/v2\/pages"}],"about":[{"href":"https:\/\/vietchuanmold.com\/ja\/wp-json\/wp\/v2\/types\/page"}],"author":[{"embeddable":true,"href":"https:\/\/vietchuanmold.com\/ja\/wp-json\/wp\/v2\/users\/1"}],"replies":[{"embeddable":true,"href":"https:\/\/vietchuanmold.com\/ja\/wp-json\/wp\/v2\/comments?post=2598"}],"version-history":[{"count":1,"href":"https:\/\/vietchuanmold.com\/ja\/wp-json\/wp\/v2\/pages\/2598\/revisions"}],"predecessor-version":[{"id":2599,"href":"https:\/\/vietchuanmold.com\/ja\/wp-json\/wp\/v2\/pages\/2598\/revisions\/2599"}],"wp:attachment":[{"href":"https:\/\/vietchuanmold.com\/ja\/wp-json\/wp\/v2\/media?parent=2598"}],"curies":[{"name":"wp","href":"https:\/\/api.w.org\/{rel}","templated":true}]}}