{"id":2646,"date":"2022-04-03T15:30:01","date_gmt":"2022-04-03T15:30:01","guid":{"rendered":"https:\/\/vietchuanmold.com\/tuyen-dung\/"},"modified":"2023-07-05T07:59:56","modified_gmt":"2023-07-05T07:59:56","slug":"tuyen-dung","status":"publish","type":"page","link":"https:\/\/vietchuanmold.com\/ja\/tuyen-dung\/","title":{"rendered":"\u63a1\u7528"},"content":{"rendered":"<div class=\"slider-wrapper relative\" id=\"slider-414487706\" >\n    <div class=\"slider slider-nav-circle slider-nav-large slider-nav-light slider-style-normal\"\n        data-flickity-options='{\n            \"cellAlign\": \"center\",\n            \"imagesLoaded\": true,\n            \"lazyLoad\": 1,\n            \"freeScroll\": false,\n            \"wrapAround\": true,\n            \"autoPlay\": 6000,\n            \"pauseAutoPlayOnHover\" : true,\n            \"prevNextButtons\": true,\n            \"contain\" : true,\n            \"adaptiveHeight\" : true,\n            \"dragThreshold\" : 10,\n            \"percentPosition\": true,\n            \"pageDots\": true,\n            \"rightToLeft\": false,\n            \"draggable\": true,\n            \"selectedAttraction\": 0.1,\n            \"parallax\" : 0,\n            \"friction\": 0.6        }'\n        >\n        \n\n  <div class=\"banner has-hover\" id=\"banner-1641027053\">\n          <div class=\"banner-inner fill\">\n        <div class=\"banner-bg fill\" >\n            <div class=\"bg fill bg-fill \"><\/div>\n                        <div class=\"overlay\"><\/div>            \n                    <\/div>\n\t\t\n        <div class=\"banner-layers container\">\n            <a class=\"fill\" href=\"https:\/\/vietchuan.vn\/tuyen-cong-nhan\/\" target=\"_blank\" rel=\"noopener\"><div class=\"fill banner-link\"><\/div><\/a>            \n   <div id=\"text-box-1936729159\" class=\"text-box banner-layer x95 md-x95 lg-x95 y50 md-y50 lg-y50 res-text\">\n                                <div class=\"text-box-content text box-shadow-3\">\n              \n              <div class=\"text-inner text-center\">\n                  \n<h2 class=\"uppercase\"><b>\u63a1\u7528<\/b><\/h2>\n<a href=\"https:\/\/vietchuan.vn\/tuyen-cong-nhan\/\" target=\"_self\" class=\"button primary\" rel=\"noopener\">\n    <span>\u898b\u308b<\/span>\n  <\/a>\n\n              <\/div>\n           <\/div>\n                            \n<style>\n#text-box-1936729159 .text-box-content {\n  background-color: rgba(255, 255, 255, 0.86);\n  font-size: 100%;\n}\n#text-box-1936729159 .text-inner {\n  padding: 30px 30px 30px 30px;\n}\n#text-box-1936729159 {\n  width: 60%;\n}\n@media (min-width:550px) {\n  #text-box-1936729159 {\n    width: 40%;\n  }\n}\n<\/style>\n    <\/div>\n \n        <\/div>\n      <\/div>\n\n            \n<style>\n#banner-1641027053 {\n  padding-top: 500px;\n}\n#banner-1641027053 .bg.bg-loaded {\n  background-image: url(https:\/\/vietchuanmold.com\/wp-content\/uploads\/2022\/03\/vietchuanjsc.jpg);\n}\n#banner-1641027053 .overlay {\n  background-color: rgba(0, 0, 0, 0.2);\n}\n#banner-1641027053 .bg {\n  background-position: 6% 100%;\n}\n#banner-1641027053 .ux-shape-divider--top svg {\n  height: 150px;\n  --divider-top-width: 100%;\n}\n#banner-1641027053 .ux-shape-divider--bottom svg {\n  height: 150px;\n  --divider-width: 100%;\n}\n<\/style>\n  <\/div>\n\n\n\n  <div class=\"banner has-hover\" id=\"banner-786857545\">\n          <div class=\"banner-inner fill\">\n        <div class=\"banner-bg fill\" >\n            <div class=\"bg fill bg-fill \"><\/div>\n                        <div class=\"overlay\"><\/div>            \n                    <\/div>\n\t\t\n        <div class=\"banner-layers container\">\n            <div class=\"fill banner-link\"><\/div>            \n   <div id=\"text-box-1225278268\" class=\"text-box banner-layer hidden x95 md-x95 lg-x95 y50 md-y50 lg-y50 res-text\">\n                                <div class=\"text-box-content text box-shadow-3\">\n              \n              <div class=\"text-inner text-center\">\n                  \n<h2 class=\"uppercase\"><b>\u00a0VI\u1ec6C L\u00c0M V\u0102N PH\u00d2NG<\/b><\/h2>\n<p>Nh\u00e2n vi\u00ean k\u1ebf to\u00e1n, ph\u00f2ng h\u00e0nh ch\u00ednh nh\u00e2n s\u1ef1, chuy\u00ean vi\u00ean kinh doanh<\/p>\n<a href=\"https:\/\/vietchuan.vn\/viec-lam-van-phong\/\" target=\"_self\" class=\"button primary\" rel=\"noopener\">\n    <span>XEM NGAY<\/span>\n  <\/a>\n\n              <\/div>\n           <\/div>\n                            \n<style>\n#text-box-1225278268 .text-box-content {\n  background-color: rgba(255, 255, 255, 0.86);\n  font-size: 100%;\n}\n#text-box-1225278268 .text-inner {\n  padding: 30px 30px 30px 30px;\n}\n#text-box-1225278268 {\n  width: 60%;\n}\n@media (min-width:550px) {\n  #text-box-1225278268 {\n    width: 40%;\n  }\n}\n<\/style>\n    <\/div>\n \n        <\/div>\n      <\/div>\n\n            \n<style>\n#banner-786857545 {\n  padding-top: 500px;\n}\n#banner-786857545 .bg.bg-loaded {\n  background-image: url(https:\/\/vietchuanmold.com\/wp-content\/uploads\/2022\/04\/van-phong-1024x576.jpg);\n}\n#banner-786857545 .overlay {\n  background-color: rgba(0, 0, 0, 0.2);\n}\n#banner-786857545 .ux-shape-divider--top svg {\n  height: 150px;\n  --divider-top-width: 100%;\n}\n#banner-786857545 .ux-shape-divider--bottom svg {\n  height: 150px;\n  --divider-width: 100%;\n}\n<\/style>\n  <\/div>\n\n\n\n  <div class=\"banner has-hover\" id=\"banner-417924968\">\n          <div class=\"banner-inner fill\">\n        <div class=\"banner-bg fill\" >\n            <div class=\"bg fill bg-fill \"><\/div>\n                        <div class=\"overlay\"><\/div>            \n                    <\/div>\n\t\t\n        <div class=\"banner-layers container\">\n            <div class=\"fill banner-link\"><\/div>            \n   <div id=\"text-box-1473031901\" class=\"text-box banner-layer hidden x95 md-x95 lg-x95 y50 md-y50 lg-y50 res-text\">\n                                <div class=\"text-box-content text box-shadow-3\">\n              \n              <div class=\"text-inner text-center\">\n                  \n<h2 class=\"uppercase\"><b>\u00a0VI\u1ec6C L\u00c0M K\u1ef8 THU\u1eacT<\/b><\/h2>\n<p>Nh\u00e2n vi\u00ean thi\u1ebft k\u1ebf, l\u1eadp tr\u00ecnh, k\u1ef9 s\u01b0 ch\u1ebf t\u1ea1o<\/p>\n<a href=\"https:\/\/vietchuan.vn\/viec-lam-ky-thuat\/\" target=\"_self\" class=\"button primary\" rel=\"noopener\">\n    <span>XEM NGAY<\/span>\n  <\/a>\n\n              <\/div>\n           <\/div>\n                            \n<style>\n#text-box-1473031901 .text-box-content {\n  background-color: rgba(255, 255, 255, 0.86);\n  font-size: 100%;\n}\n#text-box-1473031901 .text-inner {\n  padding: 30px 30px 30px 30px;\n}\n#text-box-1473031901 {\n  width: 60%;\n}\n@media (min-width:550px) {\n  #text-box-1473031901 {\n    width: 40%;\n  }\n}\n<\/style>\n    <\/div>\n \n        <\/div>\n      <\/div>\n\n            \n<style>\n#banner-417924968 {\n  padding-top: 500px;\n}\n#banner-417924968 .bg.bg-loaded {\n  background-image: url(https:\/\/vietchuanmold.com\/wp-content\/uploads\/2022\/04\/25-may-cnc-1024x576.jpg);\n}\n#banner-417924968 .overlay {\n  background-color: rgba(0, 0, 0, 0.2);\n}\n#banner-417924968 .ux-shape-divider--top svg {\n  height: 150px;\n  --divider-top-width: 100%;\n}\n#banner-417924968 .ux-shape-divider--bottom svg {\n  height: 150px;\n  --divider-width: 100%;\n}\n<\/style>\n  <\/div>\n\n\n     <\/div>\n\n     <div class=\"loading-spin dark large centered\"><\/div>\n\n     \t<\/div>\n\n\n\t<section class=\"section\" id=\"section_1922392481\">\n\t\t<div class=\"bg section-bg fill bg-fill  bg-loaded\" >\n\n\t\t\t\n\t\t\t\n\t\t\t\n\n\t\t<\/div>\n\n\t\t\n\n\t\t<div class=\"section-content relative\">\n\t\t\t\n<div class=\"row\"  id=\"row-1207661661\">\n\n\t<div id=\"col-978381961\" class=\"col small-12 large-12\"  >\n\t\t\t\t<div class=\"col-inner\"  >\n\t\t\t\n\t\t\t\n<div class=\"container section-title-container\" ><h3 class=\"section-title section-title-normal\"><b><\/b><span class=\"section-title-main\" ><i class=\"icon-phone\" ><\/i>\u30db\u30c3\u30c8\u30e9\u30a4\u30f3: +84981 126 278 (\u63a1\u7528) - \u30e1\u30fc\u30eb : tuyendung@vietchuan.vn<\/span><b><\/b><\/h3><\/div>\n\n  \n    <div class=\"row mt-5 row-box-shadow-1 large-columns-3 medium-columns-1 small-columns-1\">\n  <\/div>\n\t\t<\/div>\n\t\t\t\t\t<\/div>\n\n\t\n<\/div>\n\t\t<\/div>\n\n\t\t\n<style>\n#section_1922392481 {\n  padding-top: 30px;\n  padding-bottom: 30px;\n}\n#section_1922392481 .ux-shape-divider--top svg {\n  height: 150px;\n  --divider-top-width: 100%;\n}\n#section_1922392481 .ux-shape-divider--bottom svg {\n  height: 150px;\n  --divider-width: 100%;\n}\n<\/style>\n\t<\/section>\n\t\n","protected":false},"excerpt":{"rendered":"","protected":false},"author":1,"featured_media":0,"parent":0,"menu_order":0,"comment_status":"closed","ping_status":"closed","template":"","meta":{"inline_featured_image":false},"_links":{"self":[{"href":"https:\/\/vietchuanmold.com\/ja\/wp-json\/wp\/v2\/pages\/2646"}],"collection":[{"href":"https:\/\/vietchuanmold.com\/ja\/wp-json\/wp\/v2\/pages"}],"about":[{"href":"https:\/\/vietchuanmold.com\/ja\/wp-json\/wp\/v2\/types\/page"}],"author":[{"embeddable":true,"href":"https:\/\/vietchuanmold.com\/ja\/wp-json\/wp\/v2\/users\/1"}],"replies":[{"embeddable":true,"href":"https:\/\/vietchuanmold.com\/ja\/wp-json\/wp\/v2\/comments?post=2646"}],"version-history":[{"count":6,"href":"https:\/\/vietchuanmold.com\/ja\/wp-json\/wp\/v2\/pages\/2646\/revisions"}],"predecessor-version":[{"id":3580,"href":"https:\/\/vietchuanmold.com\/ja\/wp-json\/wp\/v2\/pages\/2646\/revisions\/3580"}],"wp:attachment":[{"href":"https:\/\/vietchuanmold.com\/ja\/wp-json\/wp\/v2\/media?parent=2646"}],"curies":[{"name":"wp","href":"https:\/\/api.w.org\/{rel}","templated":true}]}}